{"id":2,"date":"2014-11-22T13:29:41","date_gmt":"2014-11-22T13:29:41","guid":{"rendered":"http:\/\/jeecee.ch\/?page_id=2"},"modified":"2019-06-15T04:52:46","modified_gmt":"2019-06-15T04:52:46","slug":"page-d-exemple","status":"publish","type":"page","link":"https:\/\/jeecee.ch\/?page_id=2","title":{"rendered":"Explications"},"content":{"rendered":"<p>Ce site est d\u00e9di\u00e9 \u00e0 mes travaux photos ou vid\u00e9o, je ne suis qu&rsquo;un amateur mais j&rsquo;aime rechercher et jouer avec les nouvelles technologies comme le 360\u00b0 ou les visites virtuelles.<\/p>\n<blockquote><p>Je marche beaucoup et lors de mes promenades j&rsquo;aime immortaliser les lieux, le rendu en \u00ab\u00a0visite virtuelle\u00a0\u00bb donne une immersion dans ce lieux encore plus grande. Les b\u00e2timents comme les \u00e9glises me plaisent beaucoup et le site risque d&rsquo;en montrer plus d&rsquo;une &#8230;<\/p><\/blockquote>\n<p>Pour les visites virtuelles ou 360\u00b0 :<\/p>\n<blockquote><p>Une fois l&rsquo;image affich\u00e9e vous pouvez vous d\u00e9placer ou visiter de la fa\u00e7on suivante :<\/p>\n<p>Si elle est pr\u00e9sente, vous pouvez utiliser la barre de contr\u00f4le affich\u00e9e \u00e0 l&rsquo;\u00e9cran, celle-ci vous permet de vous d\u00e9placer dans les 4 directions (haut, bas, droite et gauche) ainsi que de zoomer dans l&rsquo;image.<\/p>\n<p>Sinon, cliquer sur l&rsquo;image avec la souris et maintenez le bouton appuy\u00e9 tout en d\u00e9pla\u00e7ant la souris dans la direction souhait\u00e9e (haut, bas, en haut ou en bas), la roulette de la souris vous permet de zoomer dans l&rsquo;image en roulant celle-ci en avant ou en arri\u00e8re.<\/p>\n<p>Si la visite comprend plusieurs \u00e9tapes ou lieux vous pouvez passer au suivant en cliquant sur l&rsquo;ic\u00f4ne rose : <img loading=\"lazy\" decoding=\"async\" width=\"81\" height=\"83\" class=\"alignnone wp-image-19 size-full\" alt=\"Suivant_Pano\" src=\"http:\/\/jeecee.ch\/wp-content\/uploads\/2015\/04\/Suivant_Pano.jpg\"><\/p><\/blockquote>\n<p>J&rsquo;esp\u00e8re que ces visites vous plairont. Merci de me laisser un petit commentaire si vous parcourez l&rsquo;un ou l&rsquo;autre de mes travaux.<\/p>\n<p>Amusez-vous bien !<\/p>\n<p>Jeecee<\/p>\n","protected":false},"excerpt":{"rendered":"<p>Ce site est d\u00e9di\u00e9 \u00e0 mes travaux photos ou vid\u00e9o, je ne suis qu&rsquo;un amateur mais j&rsquo;aime rechercher et jouer avec les nouvelles technologies comme le 360\u00b0 ou les visites virtuelles. Je marche beaucoup et lors de mes promenades j&rsquo;aime immortaliser les lieux, le rendu en \u00ab\u00a0visite virtuelle\u00a0\u00bb donne une immersion dans ce lieux encore &hellip; <\/p>\n<p class=\"link-more\"><a href=\"https:\/\/jeecee.ch\/?page_id=2\" class=\"more-link\">Continuer la lecture<span class=\"screen-reader-text\"> de &laquo;&nbsp;Explications&nbsp;&raquo;<\/span><\/a><\/p>\n","protected":false},"author":1,"featured_media":0,"parent":0,"menu_order":0,"comment_status":"closed","ping_status":"closed","template":"","meta":{"ngg_post_thumbnail":0,"footnotes":""},"folder":[],"class_list":["post-2","page","type-page","status-publish","hentry"],"_links":{"self":[{"href":"https:\/\/jeecee.ch\/index.php?rest_route=\/wp\/v2\/pages\/2","targetHints":{"allow":["GET"]}}],"collection":[{"href":"https:\/\/jeecee.ch\/index.php?rest_route=\/wp\/v2\/pages"}],"about":[{"href":"https:\/\/jeecee.ch\/index.php?rest_route=\/wp\/v2\/types\/page"}],"author":[{"embeddable":true,"href":"https:\/\/jeecee.ch\/index.php?rest_route=\/wp\/v2\/users\/1"}],"replies":[{"embeddable":true,"href":"https:\/\/jeecee.ch\/index.php?rest_route=%2Fwp%2Fv2%2Fcomments&post=2"}],"version-history":[{"count":5,"href":"https:\/\/jeecee.ch\/index.php?rest_route=\/wp\/v2\/pages\/2\/revisions"}],"predecessor-version":[{"id":16018,"href":"https:\/\/jeecee.ch\/index.php?rest_route=\/wp\/v2\/pages\/2\/revisions\/16018"}],"wp:attachment":[{"href":"https:\/\/jeecee.ch\/index.php?rest_route=%2Fwp%2Fv2%2Fmedia&parent=2"}],"wp:term":[{"taxonomy":"folder","embeddable":true,"href":"https:\/\/jeecee.ch\/index.php?rest_route=%2Fwp%2Fv2%2Ffolder&post=2"}],"curies":[{"name":"wp","href":"https:\/\/api.w.org\/{rel}","templated":true}]}}